{"id":463,"date":"2019-03-11T18:32:41","date_gmt":"2019-03-11T18:32:41","guid":{"rendered":"https:\/\/henna.freevision.me\/wedding-planner\/?page_id=463"},"modified":"2021-07-12T23:14:17","modified_gmt":"2021-07-12T21:14:17","slug":"contact","status":"publish","type":"page","link":"https:\/\/anissa-event.fr\/?page_id=463","title":{"rendered":"Contact"},"content":{"rendered":"<p>[vc_row css=&#8221;.vc_custom_1485254065501{margin-top: 0px !important;margin-bottom: 0px !important;padding-top: 60px !important;padding-bottom: 60px !important;}&#8221;][vc_column width=&#8221;1\/3&#8243;]<div id=\"tile-with-icon_icon1\" class=\"title-with-icon-wrapper clear medium \" data-color=\"\">\r\n\t\t\t<div class=\"wpb_content_element title-with-icon clearfix margin-bottom-0 \"><span  style=\"color:#fd5d5f !important;background-color: !important;\" class=\"oic-location-1 clear medium \" ><\/span><h5 class=\"content-color\" style=\"\">Adresse<\/h5>\r\n\t\t\t<\/div><div class=\"wpb_content_element left-cs title-with-icon-content medium clearfix\" style=\"\">Disponible dans toute la France<\/div><\/div>[\/vc_column][vc_column width=&#8221;1\/3&#8243;]<div id=\"tile-with-icon_icon2\" class=\"title-with-icon-wrapper clear medium \" data-color=\"\">\r\n\t\t\t<div class=\"wpb_content_element title-with-icon clearfix margin-bottom-0 \"><span  style=\"color:#fd5d5f !important;background-color: !important;\" class=\"oic-telephone clear medium \" ><\/span><h5 class=\"content-color\" style=\"\">T\u00e9l\u00e9phone<\/h5>\r\n\t\t\t<\/div><div class=\"wpb_content_element left-cs title-with-icon-content medium clearfix\" style=\"\">+33 6 20 18 40 32<\/div><\/div>[\/vc_column][vc_column width=&#8221;1\/3&#8243;]<div id=\"tile-with-icon_icon3\" class=\"title-with-icon-wrapper clear medium \" data-color=\"\">\r\n\t\t\t<div class=\"wpb_content_element title-with-icon clearfix margin-bottom-0 \"><span  style=\"color:#fd5d5f !important;background-color: !important;\" class=\"oic-mail-1 clear medium \" ><\/span><h5 class=\"content-color\" style=\"\">E-Mail<\/h5>\r\n\t\t\t<\/div><div class=\"wpb_content_element left-cs title-with-icon-content medium clearfix\" style=\"\"><\/p>\n<div class=\"text-xs-left unit-body\">E-mail: <a href=\"mailto:contact@anissa-event.fr\">contact@anissa-event.fr<\/a><\/div>\n<div class=\"text-xs-left unit-body\"><\/div>\n<p><\/div><\/div>[\/vc_column][\/vc_row][vc_row][vc_column]<h3 class=\"ozy-divider-cap-center wpb_content_element \"  style=\"color:#000000\" >Contactez-nous<\/h3><div class=\"ozy-content-divider sh3 \" style=\"border-top-style:solid;border-top-width:2px;border-top-color:#fd5d5f!important;width:40px;max-width:40px;margin:20px auto;\"><\/div>[vc_column_text css=&#8221;.vc_custom_1625388224132{margin-bottom: 30px !important;}&#8221;]<\/p>\n<p style=\"text-align: center;\">N&#8217;h\u00e9sitez pas \u00e0 nous contacter, nous reviendrons vers vous dans les plus brefs d\u00e9lais !<\/p>\n<p>[\/vc_column_text]<div role=\"form\" class=\"wpcf7\" id=\"wpcf7-f462-o1\" lang=\"en-US\" dir=\"ltr\">\n<div class=\"screen-reader-response\"><p role=\"status\" aria-live=\"polite\" aria-atomic=\"true\"><\/p> <ul><\/ul><\/div>\n<form action=\"\/index.php?rest_route=%2Fwp%2Fv2%2Fpages%2F463#wpcf7-f462-o1\" method=\"post\" class=\"wpcf7-form init\" novalidate=\"novalidate\" data-status=\"init\">\n<div style=\"display: none;\">\n<input type=\"hidden\" name=\"_wpcf7\" value=\"462\" \/>\n<input type=\"hidden\" name=\"_wpcf7_version\" value=\"5.5.2\" \/>\n<input type=\"hidden\" name=\"_wpcf7_locale\" value=\"en_US\" \/>\n<input type=\"hidden\" name=\"_wpcf7_unit_tag\" value=\"wpcf7-f462-o1\" \/>\n<input type=\"hidden\" name=\"_wpcf7_container_post\" value=\"0\" \/>\n<input type=\"hidden\" name=\"_wpcf7_posted_data_hash\" value=\"\" \/>\n<input type=\"hidden\" name=\"_wpcf7_recaptcha_response\" value=\"\" \/>\n<\/div>\n<p class=\"ozy-half-input\"><span class=\"wpcf7-form-control-wrap your-name\"><input type=\"text\" name=\"your-name\" value=\"\" size=\"40\" class=\"wpcf7-form-control wpcf7-text wpcf7-validates-as-required\" aria-required=\"true\" aria-invalid=\"false\" placeholder=\"Votre nom *\" \/><\/span><\/p>\n<p class=\"ozy-half-input-last\"><span class=\"wpcf7-form-control-wrap your-location\"><input type=\"text\" name=\"your-location\" value=\"\" size=\"40\" class=\"wpcf7-form-control wpcf7-text wpcf7-validates-as-required\" aria-required=\"true\" aria-invalid=\"false\" placeholder=\"Lieux *\" \/><\/span><\/p>\n<p class=\"ozy-half-input\"><span class=\"wpcf7-form-control-wrap your-phone\"><input type=\"text\" name=\"your-phone\" value=\"\" size=\"40\" class=\"wpcf7-form-control wpcf7-text wpcf7-validates-as-required\" aria-required=\"true\" aria-invalid=\"false\" placeholder=\"T\u00e9l\u00e9phonee*\" \/><\/span><\/p>\n<p class=\"ozy-half-input-last\"><span class=\"wpcf7-form-control-wrap your-email\"><input type=\"email\" name=\"your-email\" value=\"\" size=\"40\" class=\"wpcf7-form-control wpcf7-text wpcf7-email wpcf7-validates-as-required wpcf7-validates-as-email\" aria-required=\"true\" aria-invalid=\"false\" placeholder=\"Email *\" \/><\/span><\/p>\n<p class=\"ozy-half-input\"><span class=\"wpcf7-form-control-wrap menu-297\"><select name=\"menu-297\" class=\"wpcf7-form-control wpcf7-select wpcf7-validates-as-required\" aria-required=\"true\" aria-invalid=\"false\"><option value=\"Mariage\">Mariage<\/option><option value=\"Mairie\">Mairie<\/option><option value=\"Anniversaire\">Anniversaire<\/option><option value=\"\u00c9v\u00e8nement d&#039;entreprise\">\u00c9v\u00e8nement d&#039;entreprise<\/option><option value=\"Autre\">Autre<\/option><\/select><\/span><\/p>\n<p class=\"ozy-half-input-last\"><span class=\"wpcf7-form-control-wrap menu-610\"><select name=\"menu-610\" class=\"wpcf7-form-control wpcf7-select\" aria-invalid=\"false\"><option value=\"Prestation\">Prestation<\/option><option value=\"DJ\">DJ<\/option><option value=\"Orchestre\">Orchestre<\/option><option value=\"Tabal\">Tabal<\/option><option value=\"Tabal, Orchestre\">Tabal, Orchestre<\/option><option value=\"Organisation\">Organisation<\/option><option value=\"Autre\">Autre<\/option><\/select><\/span><\/p>\n<p class=\"ozy-half-input\"><span class=\"wpcf7-form-control-wrap weddingdate\"><input type=\"text\" name=\"weddingdate\" value=\"\" size=\"40\" class=\"wpcf7-form-control wpcf7-text wpcf7-validates-as-required datetimepicker\" autocomplete=\"false\" aria-required=\"true\" aria-invalid=\"false\" placeholder=\"Date de l&#039;\u00e9v\u00e8nement *\" \/><\/span><\/p>\n<p class=\"ozy-half-input-last\"><span class=\"wpcf7-form-control-wrap your-budget\"><input type=\"text\" name=\"your-budget\" value=\"\" size=\"40\" class=\"wpcf7-form-control wpcf7-text wpcf7-validates-as-required\" aria-required=\"true\" aria-invalid=\"false\" placeholder=\"Budget approximatif *\" \/><\/span><\/p>\n<p class=\"ozy-full-input\"><span class=\"wpcf7-form-control-wrap your-message\"><textarea name=\"your-message\" cols=\"40\" rows=\"3\" class=\"wpcf7-form-control wpcf7-textarea\" aria-invalid=\"false\" placeholder=\"Dites-moi en plus\"><\/textarea><\/span><\/p>\n<p class=\"ozy-full-input-center\"><input type=\"submit\" value=\"ENVOYER VOTRE MESSAGE\" class=\"wpcf7-form-control has-spinner wpcf7-submit\" \/><\/p>\n<div class=\"wpcf7-response-output\" aria-hidden=\"true\"><\/div><\/form><\/div>[vc_column_text css=&#8221;.vc_custom_1625388238030{margin-top: 0px !important;margin-bottom: 30px !important;padding-top: 0px !important;}&#8221;]<\/p>\n<p style=\"text-align: center;\"><strong><span style=\"font-size: 10pt;\">Champs requis*<\/span><\/strong><\/p>\n<p>[\/vc_column_text][\/vc_column][\/vc_row][vc_row full_width=&#8221;stretch_row_content_no_spaces&#8221;][vc_column]<div class=\"ozy-google-map \" \r\n\t\t\tdata-address=\"27 Old Gloucester St London, United Kingdom\" \r\n\t\t\tdata-zoom=\"12\" \r\n\t\t\tdata-hue=\"#fd5d5f\" \r\n\t\t\tdata-saturation=\"-30\" \r\n\t\t\tdata-lightness=\"30\" \r\n\t\t\tdata-height=\"350px\" \r\n\t\t\tdata-icon=\"\" style=\"height:350px\"><\/div><div class=\"gmap-infobox-wrapper\"><div id=\"gmap-infobox\" class=\"content-font\">27 Old Gloucester St London, United Kingdom<br \/>\n(212) 691-4165 (phone)<br \/>\n(646) 486-6599 (fax)<\/div><\/div>[\/vc_column][\/vc_row]<\/p>\n","protected":false},"excerpt":{"rendered":"<p>[vc_row css=&#8221;.vc_custom_1485254065501{margin-top: 0px !important;margin-bottom: 0px !important;padding-top: 60px !important;padding-bottom: 60px !important;}&#8221;][vc_column width=&#8221;1\/3&#8243;][\/vc_column][vc_column width=&#8221;1\/3&#8243;][\/vc_column][vc_column width=&#8221;1\/3&#8243;][\/vc_column][\/vc_row][vc_row][vc_column][vc_column_text css=&#8221;.vc_custom_1625388224132{margin-bottom: 30px !important;}&#8221;] N&#8217;h\u00e9sitez pas \u00e0 nous contacter, nous reviendrons vers vous dans les plus brefs d\u00e9lais [&hellip;]<\/p>\n","protected":false},"author":1,"featured_media":0,"parent":0,"menu_order":0,"comment_status":"closed","ping_status":"closed","template":"page-transparent-menu.php","meta":{"_monsterinsights_skip_tracking":false,"_monsterinsights_sitenote_active":false,"_monsterinsights_sitenote_note":"","_monsterinsights_sitenote_category":0},"_links":{"self":[{"href":"https:\/\/anissa-event.fr\/index.php?rest_route=\/wp\/v2\/pages\/463"}],"collection":[{"href":"https:\/\/anissa-event.fr\/index.php?rest_route=\/wp\/v2\/pages"}],"about":[{"href":"https:\/\/anissa-event.fr\/index.php?rest_route=\/wp\/v2\/types\/page"}],"author":[{"embeddable":true,"href":"https:\/\/anissa-event.fr\/index.php?rest_route=\/wp\/v2\/users\/1"}],"replies":[{"embeddable":true,"href":"https:\/\/anissa-event.fr\/index.php?rest_route=%2Fwp%2Fv2%2Fcomments&post=463"}],"version-history":[{"count":4,"href":"https:\/\/anissa-event.fr\/index.php?rest_route=\/wp\/v2\/pages\/463\/revisions"}],"predecessor-version":[{"id":1522,"href":"https:\/\/anissa-event.fr\/index.php?rest_route=\/wp\/v2\/pages\/463\/revisions\/1522"}],"wp:attachment":[{"href":"https:\/\/anissa-event.fr\/index.php?rest_route=%2Fwp%2Fv2%2Fmedia&parent=463"}],"curies":[{"name":"wp","href":"https:\/\/api.w.org\/{rel}","templated":true}]}}