{"id":356,"date":"2019-03-10T15:53:25","date_gmt":"2019-03-10T15:53:25","guid":{"rendered":"https:\/\/henna.freevision.me\/wedding-planner\/?page_id=356"},"modified":"2021-07-04T09:32:09","modified_gmt":"2021-07-04T07:32:09","slug":"in-person-consultation","status":"publish","type":"page","link":"https:\/\/anissa-event.fr\/?page_id=356","title":{"rendered":"Rencontrons-nous"},"content":{"rendered":"<p>[vc_row full_height=&#8221;yes&#8221; content_placement=&#8221;middle&#8221; bottom_arrow=&#8221;on&#8221; css=&#8221;.vc_custom_1552250118123{margin-top: 0px !important;margin-bottom: 0px !important;padding-top: 80px !important;padding-bottom: 80px !important;}&#8221;][vc_column width=&#8221;1\/2&#8243;][vc_custom_heading text=&#8221;Rencontrons-nous&#8221; font_container=&#8221;tag:h2|font_size:60|text_align:left|line_height:66px&#8221; use_theme_fonts=&#8221;yes&#8221;][vc_custom_heading text=&#8221;1 hr | Gratuit&#8221; font_container=&#8221;tag:p|text_align:left|color:%23fd5d5f&#8221; use_theme_fonts=&#8221;yes&#8221;][vc_column_text css=&#8221;.vc_custom_1625383814911{margin-top: 20px !important;}&#8221;]Rencontrons-nous pour discuter plus en d\u00e9tails de votre projet.[\/vc_column_text][\/vc_column][vc_column width=&#8221;1\/2&#8243;][vc_column_text]<div class=\"booked-calendar-shortcode-wrap\"><div class=\"booked-calendar-wrap large\"><table class=\"booked-calendar\" data-calendar-id=\"3\" data-calendar-date=\"2026-04-01\">\n\t\t<thead>\n\n\t\t\t\n\t\t\t<tr>\n\t\t\t\t<th colspan=\"7\">\n\t\t\t\t\t\t\t\t\t\t<span class=\"calendarSavingState\">\n\t\t\t\t\t\t<i class=\"booked-icon booked-icon-spinner-clock booked-icon-spin\"><\/i>\n\t\t\t\t\t<\/span>\n\t\t\t\t\t<span class=\"monthName\">\n\t\t\t\t\t\tavril 2026\t\t\t\t\t\t\t\t\t\t\t<\/span>\n\t\t\t\t\t<a href=\"#\" data-goto=\"2026-05-01\" class=\"page-right\"><i class=\"booked-icon booked-icon-arrow-right\"><\/i><\/a>\t\t\t\t<\/th>\n\t\t\t<\/tr>\n\t\t\t<tr class=\"days\">\n\t\t\t\t\t\t\t\t<th>lun<\/th>\n\t\t\t\t<th>mar<\/th>\n\t\t\t\t<th>mer<\/th>\n\t\t\t\t<th>jeu<\/th>\n\t\t\t\t<th>ven<\/th>\n\t\t\t\t<th>sam<\/th>\t\t\t\t<th>dim<\/th>\t\t\t<\/tr>\n\t\t<\/thead>\n\t\t<tbody><tr class=\"week\"><td data-date=\"2026-03-30\" class=\"prev-month prev-date\"><span class=\"date\"><span class=\"number\">30<\/span><\/span><\/td><td data-date=\"2026-03-31\" class=\"prev-month prev-date\"><span class=\"date\"><span class=\"number\">31<\/span><\/span><\/td><td data-date=\"2026-04-1\" class=\"prev-date\"><span class=\"date\"><span class=\"number\">1<\/span><\/span><\/td><td data-date=\"2026-04-2\" class=\"prev-date\"><span class=\"date\"><span class=\"number\">2<\/span><\/span><\/td><td data-date=\"2026-04-3\" class=\"prev-date\"><span class=\"date\"><span class=\"number\">3<\/span><\/span><\/td><td data-date=\"2026-04-4\" class=\"prev-date\"><span class=\"date\"><span class=\"number\">4<\/span><\/span><\/td><td data-date=\"2026-04-5\" class=\"prev-date\"><span class=\"date\"><span class=\"number\">5<\/span><\/span><\/td><\/tr><tr class=\"week\"><td data-date=\"2026-04-6\" class=\"prev-date\"><span class=\"date\"><span class=\"number\">6<\/span><\/span><\/td><td data-date=\"2026-04-7\" class=\"prev-date\"><span class=\"date\"><span class=\"number\">7<\/span><\/span><\/td><td data-date=\"2026-04-8\" class=\"prev-date\"><span class=\"date\"><span class=\"number\">8<\/span><\/span><\/td><td data-date=\"2026-04-9\" class=\"prev-date\"><span class=\"date\"><span class=\"number\">9<\/span><\/span><\/td><td data-date=\"2026-04-10\" class=\"prev-date\"><span class=\"date\"><span class=\"number\">10<\/span><\/span><\/td><td data-date=\"2026-04-11\" class=\"prev-date\"><span class=\"date\"><span class=\"number\">11<\/span><\/span><\/td><td data-date=\"2026-04-12\" class=\"prev-date\"><span class=\"date\"><span class=\"number\">12<\/span><\/span><\/td><\/tr><tr class=\"week\"><td data-date=\"2026-04-13\" class=\"prev-date\"><span class=\"date\"><span class=\"number\">13<\/span><\/span><\/td><td data-date=\"2026-04-14\" class=\"prev-date\"><span class=\"date\"><span class=\"number\">14<\/span><\/span><\/td><td data-date=\"2026-04-15\" class=\"prev-date\"><span class=\"date\"><span class=\"number\">15<\/span><\/span><\/td><td data-date=\"2026-04-16\" class=\"prev-date\"><span class=\"date\"><span class=\"number\">16<\/span><\/span><\/td><td data-date=\"2026-04-17\" class=\"prev-date\"><span class=\"date\"><span class=\"number\">17<\/span><\/span><\/td><td data-date=\"2026-04-18\" class=\"prev-date\"><span class=\"date\"><span class=\"number\">18<\/span><\/span><\/td><td data-date=\"2026-04-19\" class=\"prev-date\"><span class=\"date\"><span class=\"number\">19<\/span><\/span><\/td><\/tr><tr class=\"week\"><td data-date=\"2026-04-20\" class=\"prev-date\"><span class=\"date\"><span class=\"number\">20<\/span><\/span><\/td><td data-date=\"2026-04-21\" class=\"prev-date\"><span class=\"date\"><span class=\"number\">21<\/span><\/span><\/td><td data-date=\"2026-04-22\" class=\"prev-date\"><span class=\"date\"><span class=\"number\">22<\/span><\/span><\/td><td data-date=\"2026-04-23\" class=\"prev-date\"><span class=\"date\"><span class=\"number\">23<\/span><\/span><\/td><td data-date=\"2026-04-24\" class=\"prev-date\"><span class=\"date\"><span class=\"number\">24<\/span><\/span><\/td><td data-date=\"2026-04-25\" class=\"prev-date\"><span class=\"date\"><span class=\"number\">25<\/span><\/span><\/td><td data-date=\"2026-04-26\" class=\"prev-date\"><span class=\"date\"><span class=\"number\">26<\/span><\/span><\/td><\/tr><tr class=\"week\"><td data-date=\"2026-04-27\" class=\"prev-date\"><span class=\"date\"><span class=\"number\">27<\/span><\/span><\/td><td data-date=\"2026-04-28\" class=\"prev-date\"><span class=\"date\"><span class=\"number\">28<\/span><\/span><\/td><td data-date=\"2026-04-29\" class=\"prev-date\"><span class=\"date\"><span class=\"number\">29<\/span><\/span><\/td><td data-date=\"2026-04-30\" class=\"today\"><span class=\"date tooltipster\" title=\"20 Available\"><span class=\"number\">30<\/span><\/span><\/td><td data-date=\"2026-05-1\" class=\"next-month\"><span class=\"date tooltipster\" title=\"20 Available\"><span class=\"number\">1<\/span><\/span><\/td><td data-date=\"2026-05-2\" class=\"next-month\"><span class=\"date tooltipster\" title=\"30 Available\"><span class=\"number\">2<\/span><\/span><\/td><td data-date=\"2026-05-3\" class=\"next-month\"><span class=\"date tooltipster\" title=\"30 Available\"><span class=\"number\">3<\/span><\/span><\/td><\/tr>\t\t<\/tbody>\n\t<\/table><\/div><\/div>[\/vc_column_text][\/vc_column][\/vc_row][vc_row css=&#8221;.vc_custom_1552249261911{margin-bottom: 0px !important;padding-bottom: 80px !important;}&#8221;][vc_column][vc_separator][vc_custom_heading text=&#8221;`{` Ou bien envoyer moi un mail `}`&#8221; font_container=&#8221;tag:p|text_align:center|color:%23fd5d5f&#8221; use_theme_fonts=&#8221;yes&#8221;][vc_column_text css=&#8221;.vc_custom_1625383873164{margin-top: 60px !important;margin-bottom: 0px !important;padding-bottom: 0px !important;}&#8221;]<\/p>\n<h2 style=\"text-align: center;\">Organisation \u00e9v\u00e8nementielle<\/h2>\n<p>[\/vc_column_text][vc_column_text css=&#8221;.vc_custom_1625383914093{margin-top: 0px !important;padding-top: 0px !important;}&#8221;]<\/p>\n<p style=\"text-align: center;\">Laissez-vous guider dans la r\u00e9alisation de votre journ\u00e9e de r\u00eave<\/p>\n<p>[\/vc_column_text]<div role=\"form\" class=\"wpcf7\" id=\"wpcf7-f447-o1\" lang=\"en-US\" dir=\"ltr\">\n<div class=\"screen-reader-response\"><p role=\"status\" aria-live=\"polite\" aria-atomic=\"true\"><\/p> <ul><\/ul><\/div>\n<form action=\"\/index.php?rest_route=%2Fwp%2Fv2%2Fpages%2F356#wpcf7-f447-o1\" method=\"post\" class=\"wpcf7-form init\" novalidate=\"novalidate\" data-status=\"init\">\n<div style=\"display: none;\">\n<input type=\"hidden\" name=\"_wpcf7\" value=\"447\" \/>\n<input type=\"hidden\" name=\"_wpcf7_version\" value=\"5.5.2\" \/>\n<input type=\"hidden\" name=\"_wpcf7_locale\" value=\"en_US\" \/>\n<input type=\"hidden\" name=\"_wpcf7_unit_tag\" value=\"wpcf7-f447-o1\" \/>\n<input type=\"hidden\" name=\"_wpcf7_container_post\" value=\"0\" \/>\n<input type=\"hidden\" name=\"_wpcf7_posted_data_hash\" value=\"\" \/>\n<input type=\"hidden\" name=\"_wpcf7_recaptcha_response\" value=\"\" \/>\n<\/div>\n<p class=\"ozy-half-input\"><span class=\"wpcf7-form-control-wrap your-name\"><input type=\"text\" name=\"your-name\" value=\"\" size=\"40\" class=\"wpcf7-form-control wpcf7-text wpcf7-validates-as-required\" aria-required=\"true\" aria-invalid=\"false\" placeholder=\"Nom\" \/><\/span><\/p>\n<p class=\"ozy-half-input-last\"><span class=\"wpcf7-form-control-wrap last-name\"><input type=\"text\" name=\"last-name\" value=\"\" size=\"40\" class=\"wpcf7-form-control wpcf7-text wpcf7-validates-as-required\" aria-required=\"true\" aria-invalid=\"false\" placeholder=\"Pr\u00e9nom\" \/><\/span><\/p>\n<p class=\"ozy-half-input\"><span class=\"wpcf7-form-control-wrap your-phone\"><input type=\"text\" name=\"your-phone\" value=\"\" size=\"40\" class=\"wpcf7-form-control wpcf7-text wpcf7-validates-as-required\" aria-required=\"true\" aria-invalid=\"false\" placeholder=\"T\u00e9l\u00e9phone\" \/><\/span><\/p>\n<p class=\"ozy-half-input-last\"><span class=\"wpcf7-form-control-wrap your-email\"><input type=\"email\" name=\"your-email\" value=\"\" size=\"40\" class=\"wpcf7-form-control wpcf7-text wpcf7-email wpcf7-validates-as-required wpcf7-validates-as-email\" aria-required=\"true\" aria-invalid=\"false\" placeholder=\"Email\" \/><\/span><\/p>\n<p class=\"ozy-half-input\"><span class=\"wpcf7-form-control-wrap weddingdate\"><input type=\"text\" name=\"weddingdate\" value=\"\" size=\"40\" class=\"wpcf7-form-control wpcf7-text wpcf7-validates-as-required datetimepicker\" autocomplete=\"false\" aria-required=\"true\" aria-invalid=\"false\" placeholder=\"Date de l&#039;\u00e9v\u00e8nement\" \/><\/span><\/p>\n<p class=\"ozy-half-input-last\"><span class=\"wpcf7-form-control-wrap numberofguest\"><input type=\"text\" name=\"numberofguest\" value=\"\" size=\"40\" class=\"wpcf7-form-control wpcf7-text wpcf7-validates-as-required\" aria-required=\"true\" aria-invalid=\"false\" placeholder=\"Nombre d&#039;invit\u00e9\" \/><\/span><\/p>\n<p class=\"ozy-half-input\"><span class=\"wpcf7-form-control-wrap weddingplace\"><input type=\"text\" name=\"weddingplace\" value=\"\" size=\"40\" class=\"wpcf7-form-control wpcf7-text wpcf7-validates-as-required\" aria-required=\"true\" aria-invalid=\"false\" placeholder=\"Lieux\" \/><\/span><\/p>\n<p><br\/><\/p>\n<p class=\"ozy-half-input-last\">\n<h5>Type d'\u00e9v\u00e8nement:<\/h5>\n<p><span class=\"wpcf7-form-control-wrap Civil\"><span class=\"wpcf7-form-control wpcf7-checkbox\"><span class=\"wpcf7-list-item first last\"><input type=\"checkbox\" name=\"Civil[]\" value=\"Mariage civil\" \/><span class=\"wpcf7-list-item-label\">Mariage civil<\/span><\/span><\/span><\/span><\/p>\n<p><span class=\"wpcf7-form-control-wrap Religious\"><span class=\"wpcf7-form-control wpcf7-checkbox\"><span class=\"wpcf7-list-item first last\"><input type=\"checkbox\" name=\"Religious[]\" value=\"Mariage religieux\" \/><span class=\"wpcf7-list-item-label\">Mariage religieux<\/span><\/span><\/span><\/span><\/p>\n<p><span class=\"wpcf7-form-control-wrap Symbolic\"><span class=\"wpcf7-form-control wpcf7-checkbox\"><span class=\"wpcf7-list-item first last\"><input type=\"checkbox\" name=\"Symbolic[]\" value=\"Anniversaire\" \/><span class=\"wpcf7-list-item-label\">Anniversaire<\/span><\/span><\/span><\/span><\/p>\n<p><span class=\"wpcf7-form-control-wrap Vow-Renewal\"><span class=\"wpcf7-form-control wpcf7-checkbox\"><span class=\"wpcf7-list-item first last\"><input type=\"checkbox\" name=\"Vow-Renewal[]\" value=\"F\u00eate d&#039;entreprise\" \/><span class=\"wpcf7-list-item-label\">F\u00eate d&#039;entreprise<\/span><\/span><\/span><\/span><\/p>\n<h5>Que cherchez-vous:<\/h5>\n<p><span class=\"wpcf7-form-control-wrap Photographer\"><span class=\"wpcf7-form-control wpcf7-checkbox\"><span class=\"wpcf7-list-item first last\"><input type=\"checkbox\" name=\"Photographer[]\" value=\"Photographe\" \/><span class=\"wpcf7-list-item-label\">Photographe<\/span><\/span><\/span><\/span><\/p>\n<p><span class=\"wpcf7-form-control-wrap Videographer\"><span class=\"wpcf7-form-control wpcf7-checkbox\"><span class=\"wpcf7-list-item first last\"><input type=\"checkbox\" name=\"Videographer[]\" value=\"Vid\u00e9aste\" \/><span class=\"wpcf7-list-item-label\">Vid\u00e9aste<\/span><\/span><\/span><\/span><\/p>\n<p><span class=\"wpcf7-form-control-wrap Bridal-bouquet\"><span class=\"wpcf7-form-control wpcf7-checkbox\"><span class=\"wpcf7-list-item first last\"><input type=\"checkbox\" name=\"Bridal-bouquet[]\" value=\"Bouquets de fleurs\" \/><span class=\"wpcf7-list-item-label\">Bouquets de fleurs<\/span><\/span><\/span><\/span><\/p>\n<p><span class=\"wpcf7-form-control-wrap Wedding-cake\"><span class=\"wpcf7-form-control wpcf7-checkbox\"><span class=\"wpcf7-list-item first last\"><input type=\"checkbox\" name=\"Wedding-cake[]\" value=\"Pi\u00e8ces mont\u00e9es\" \/><span class=\"wpcf7-list-item-label\">Pi\u00e8ces mont\u00e9es<\/span><\/span><\/span><\/span><\/p>\n<p><span class=\"wpcf7-form-control-wrap Fireworks\"><span class=\"wpcf7-form-control wpcf7-checkbox\"><span class=\"wpcf7-list-item first last\"><input type=\"checkbox\" name=\"Fireworks[]\" value=\"Animation\" \/><span class=\"wpcf7-list-item-label\">Animation<\/span><\/span><\/span><\/span><\/p>\n<p><span class=\"wpcf7-form-control-wrap Preparation-of-Wedding-Documents\"><span class=\"wpcf7-form-control wpcf7-checkbox\"><span class=\"wpcf7-list-item first last\"><input type=\"checkbox\" name=\"Preparation-of-Wedding-Documents[]\" value=\"Autres\" \/><span class=\"wpcf7-list-item-label\">Autres<\/span><\/span><\/span><\/span><\/p>\n<\/p>\n<p class=\"ozy-half-input-last\">\n<h5 >Musique:<\/h5>\n<p><span class=\"wpcf7-form-control-wrap Personal-Playlist\"><span class=\"wpcf7-form-control wpcf7-checkbox\"><span class=\"wpcf7-list-item first last\"><input type=\"checkbox\" name=\"Personal-Playlist[]\" value=\"Tabal et animation\" \/><span class=\"wpcf7-list-item-label\">Tabal et animation<\/span><\/span><\/span><\/span><\/p>\n<p><span class=\"wpcf7-form-control-wrap Dj\"><span class=\"wpcf7-form-control wpcf7-checkbox\"><span class=\"wpcf7-list-item first last\"><input type=\"checkbox\" name=\"Dj[]\" value=\"Dj\" \/><span class=\"wpcf7-list-item-label\">Dj<\/span><\/span><\/span><\/span><\/p>\n<p><span class=\"wpcf7-form-control-wrap Live-Greek-Music\"><span class=\"wpcf7-form-control wpcf7-checkbox\"><span class=\"wpcf7-list-item first last\"><input type=\"checkbox\" name=\"Live-Greek-Music[]\" value=\"Orchestre Farhet Tounes\" \/><span class=\"wpcf7-list-item-label\">Orchestre Farhet Tounes<\/span><\/span><\/span><\/span><\/p>\n<p><span class=\"wpcf7-form-control-wrap Live-Rock-music-band\"><span class=\"wpcf7-form-control wpcf7-checkbox\"><span class=\"wpcf7-list-item first last\"><input type=\"checkbox\" name=\"Live-Rock-music-band[]\" value=\"Dabk\u00e9 libanaise\" \/><span class=\"wpcf7-list-item-label\">Dabk\u00e9 libanaise<\/span><\/span><\/span><\/span><\/p>\n<\/p>\n<p class=\"ozy-full-input\">&nbsp;<\/p>\n<p class=\"ozy-full-input\"><span class=\"wpcf7-form-control-wrap your-message\"><textarea name=\"your-message\" cols=\"40\" rows=\"3\" class=\"wpcf7-form-control wpcf7-textarea\" aria-invalid=\"false\" placeholder=\"Votre message\"><\/textarea><\/span><\/p>\n<p><input type=\"submit\" value=\"Envoyer\" class=\"wpcf7-form-control has-spinner wpcf7-submit\" \/><\/p>\n<div class=\"wpcf7-response-output\" aria-hidden=\"true\"><\/div><\/form><\/div>[\/vc_column][\/vc_row]<\/p>\n","protected":false},"excerpt":{"rendered":"<p>[vc_row full_height=&#8221;yes&#8221; content_placement=&#8221;middle&#8221; bottom_arrow=&#8221;on&#8221; css=&#8221;.vc_custom_1552250118123{margin-top: 0px !important;margin-bottom: 0px !important;padding-top: 80px !important;padding-bottom: 80px !important;}&#8221;][vc_column width=&#8221;1\/2&#8243;][vc_custom_heading text=&#8221;Rencontrons-nous&#8221; font_container=&#8221;tag:h2|font_size:60|text_align:left|line_height:66px&#8221; use_theme_fonts=&#8221;yes&#8221;][vc_custom_heading text=&#8221;1 hr | Gratuit&#8221; font_container=&#8221;tag:p|text_align:left|color:%23fd5d5f&#8221; use_theme_fonts=&#8221;yes&#8221;][vc_column_text css=&#8221;.vc_custom_1625383814911{margin-top: 20px !important;}&#8221;]Rencontrons-nous pour discuter plus en [&hellip;]<\/p>\n","protected":false},"author":1,"featured_media":0,"parent":340,"menu_order":0,"comment_status":"closed","ping_status":"closed","template":"","meta":{"_monsterinsights_skip_tracking":false,"_monsterinsights_sitenote_active":false,"_monsterinsights_sitenote_note":"","_monsterinsights_sitenote_category":0},"_links":{"self":[{"href":"https:\/\/anissa-event.fr\/index.php?rest_route=\/wp\/v2\/pages\/356"}],"collection":[{"href":"https:\/\/anissa-event.fr\/index.php?rest_route=\/wp\/v2\/pages"}],"about":[{"href":"https:\/\/anissa-event.fr\/index.php?rest_route=\/wp\/v2\/types\/page"}],"author":[{"embeddable":true,"href":"https:\/\/anissa-event.fr\/index.php?rest_route=\/wp\/v2\/users\/1"}],"replies":[{"embeddable":true,"href":"https:\/\/anissa-event.fr\/index.php?rest_route=%2Fwp%2Fv2%2Fcomments&post=356"}],"version-history":[{"count":2,"href":"https:\/\/anissa-event.fr\/index.php?rest_route=\/wp\/v2\/pages\/356\/revisions"}],"predecessor-version":[{"id":1443,"href":"https:\/\/anissa-event.fr\/index.php?rest_route=\/wp\/v2\/pages\/356\/revisions\/1443"}],"up":[{"embeddable":true,"href":"https:\/\/anissa-event.fr\/index.php?rest_route=\/wp\/v2\/pages\/340"}],"wp:attachment":[{"href":"https:\/\/anissa-event.fr\/index.php?rest_route=%2Fwp%2Fv2%2Fmedia&parent=356"}],"curies":[{"name":"wp","href":"https:\/\/api.w.org\/{rel}","templated":true}]}}